{"id":289,"date":"2025-01-12T12:20:14","date_gmt":"2025-01-12T12:20:14","guid":{"rendered":"https:\/\/ebantic.com\/?page_id=289"},"modified":"2025-01-24T16:39:19","modified_gmt":"2025-01-24T16:39:19","slug":"ia-y-diseno-inclusivo-para-accesibilidad-y-sostenibilidad","status":"publish","type":"page","link":"https:\/\/ebantic.com\/en\/ia-y-diseno-inclusivo-para-accesibilidad-y-sostenibilidad\/","title":{"rendered":"ebantic LAB"},"content":{"rendered":"<div data-elementor-type=\"wp-page\" data-elementor-id=\"289\" class=\"elementor elementor-289\" data-elementor-post-type=\"page\">\n\t\t\t\t<div class=\"elementor-element elementor-element-5ae19787 e-flex e-con-boxed e-con e-parent\" data-id=\"5ae19787\" data-element_type=\"container\" data-settings=\"{&quot;background_background&quot;:&quot;classic&quot;}\">\n\t\t\t\t\t<div class=\"e-con-inner\">\n\t\t\t\t<div class=\"elementor-element elementor-element-c664702 elementor-widget elementor-widget-image\" data-id=\"c664702\" data-element_type=\"widget\" data-widget_type=\"image.default\">\n\t\t\t\t<div class=\"elementor-widget-container\">\n\t\t\t\t\t\t\t\t\t\t\t\t\t\t\t<img fetchpriority=\"high\" decoding=\"async\" width=\"450\" height=\"141\" src=\"https:\/\/ebantic.com\/wp-content\/uploads\/2025\/01\/Logo-Ebantic-Lab-horitzontal-positiu-450pix.png\" class=\"attachment-large size-large wp-image-270\" alt=\"\" srcset=\"https:\/\/ebantic.com\/wp-content\/uploads\/2025\/01\/Logo-Ebantic-Lab-horitzontal-positiu-450pix.png 450w, https:\/\/ebantic.com\/wp-content\/uploads\/2025\/01\/Logo-Ebantic-Lab-horitzontal-positiu-450pix-300x94.png 300w\" sizes=\"(max-width: 450px) 100vw, 450px\" \/>\t\t\t\t\t\t\t\t\t\t\t\t\t\t\t<\/div>\n\t\t\t\t<\/div>\n\t\t\t\t\t<\/div>\n\t\t\t\t<\/div>\n\t\t<div class=\"elementor-element elementor-element-5d8da302 e-flex e-con-boxed e-con e-parent\" data-id=\"5d8da302\" data-element_type=\"container\" data-settings=\"{&quot;background_background&quot;:&quot;classic&quot;}\">\n\t\t\t\t\t<div class=\"e-con-inner\">\n\t\t<div class=\"elementor-element elementor-element-5915d0e1 e-con-full e-flex elementor-invisible e-con e-child\" data-id=\"5915d0e1\" data-element_type=\"container\" data-settings=\"{&quot;animation&quot;:&quot;slideInLeft&quot;}\">\n\t\t<div class=\"elementor-element elementor-element-745d02f0 e-con-full e-flex e-con e-child\" data-id=\"745d02f0\" data-element_type=\"container\" data-settings=\"{&quot;background_background&quot;:&quot;classic&quot;}\">\n\t\t\t\t<div class=\"elementor-element elementor-element-7193e1c8 elementor-widget elementor-widget-rkit-accordion\" data-id=\"7193e1c8\" data-element_type=\"widget\" data-widget_type=\"rkit-accordion.default\">\n\t\t\t\t<div class=\"elementor-widget-container\">\n\t\t\t\t\t\r\n        <div class=\"rkit-accordion\">\r\n                            <div class=\"rkit-accordion-item\">\r\n                    <div class=\"rkit-accordion-header\">\r\n                        <span class=\"rkit-accordion__title\">\r\n                            Exploration Technology                        <\/span>\r\n                        <div class=\"rkit-accordion__icon\">\r\n                            <i aria-hidden=\"true\" class=\"icon_close rtmicon rtmicon-arrow-right\"><\/i>                            <i aria-hidden=\"true\" class=\"icon_open rtmicon rtmicon-arrow-down\"><\/i>                        <\/div>\r\n                    <\/div>\r\n                    <div class=\"rkit-accordion-content\">\r\n                        <div class=\"rkit-accordion__content\">\r\n                            <p class=\"p1\"><span class=\"s1\">We work in the development of new technologies, such as artificial intelligence, augmented reality and virtual reality, which can <b>revolutionize the processes of our customers and open up new business opportunities<\/b>.<\/span><\/p>                        <\/div>\r\n                    <\/div>\r\n                <\/div>\r\n                            <div class=\"rkit-accordion-item\">\r\n                    <div class=\"rkit-accordion-header\">\r\n                        <span class=\"rkit-accordion__title\">\r\n                            Pilot projects and Prototypes                        <\/span>\r\n                        <div class=\"rkit-accordion__icon\">\r\n                            <i aria-hidden=\"true\" class=\"icon_close rtmicon rtmicon-arrow-right\"><\/i>                            <i aria-hidden=\"true\" class=\"icon_open rtmicon rtmicon-arrow-down\"><\/i>                        <\/div>\r\n                    <\/div>\r\n                    <div class=\"rkit-accordion-content\">\r\n                        <div class=\"rkit-accordion__content\">\r\n                            <p class=\"p1\"><span class=\"s1\"><b>EBANTIC LAB<\/b> leads the creation of prototypes, and the deployment of pilot projects that allow us to <b>experiment and validate disruptive technologies before their commercial release<\/b>.<\/span><\/p>                        <\/div>\r\n                    <\/div>\r\n                <\/div>\r\n                            <div class=\"rkit-accordion-item\">\r\n                    <div class=\"rkit-accordion-header\">\r\n                        <span class=\"rkit-accordion__title\">\r\n                            Development of tools inclusive                        <\/span>\r\n                        <div class=\"rkit-accordion__icon\">\r\n                            <i aria-hidden=\"true\" class=\"icon_close rtmicon rtmicon-arrow-right\"><\/i>                            <i aria-hidden=\"true\" class=\"icon_open rtmicon rtmicon-arrow-down\"><\/i>                        <\/div>\r\n                    <\/div>\r\n                    <div class=\"rkit-accordion-content\">\r\n                        <div class=\"rkit-accordion__content\">\r\n                            <p class=\"p1\"><span class=\"s1\">Integration of specific functionalities such as auto-captions, stories <b>for people with visual disabilities<\/b>, interface, easy navigation, etc <\/span><\/p>                        <\/div>\r\n                    <\/div>\r\n                <\/div>\r\n                            <div class=\"rkit-accordion-item\">\r\n                    <div class=\"rkit-accordion-header\">\r\n                        <span class=\"rkit-accordion__title\">\r\n                            Impetus to the Innovation of all the Units                        <\/span>\r\n                        <div class=\"rkit-accordion__icon\">\r\n                            <i aria-hidden=\"true\" class=\"icon_close rtmicon rtmicon-arrow-right\"><\/i>                            <i aria-hidden=\"true\" class=\"icon_open rtmicon rtmicon-arrow-down\"><\/i>                        <\/div>\r\n                    <\/div>\r\n                    <div class=\"rkit-accordion-content\">\r\n                        <div class=\"rkit-accordion__content\">\r\n                            <p class=\"p1\"><span class=\"s1\">The innovations developed in <b>EBANTIC LAB<\/b> enrich our other units, creating a continuous cycle of improvement and keeping us at the cutting edge of technology. <\/span><\/p>                        <\/div>\r\n                    <\/div>\r\n                <\/div>\r\n                    <\/div>\r\n\r\n\t\t\t\t<\/div>\n\t\t\t\t<\/div>\n\t\t\t\t<\/div>\n\t\t<div class=\"elementor-element elementor-element-95b6b28 e-con-full e-flex e-con e-child\" data-id=\"95b6b28\" data-element_type=\"container\" data-settings=\"{&quot;background_background&quot;:&quot;classic&quot;}\">\n\t\t\t\t<div class=\"elementor-element elementor-element-9066a59 elementor-widget__width-initial elementor-widget-tablet__width-inherit elementor-widget elementor-widget-heading\" data-id=\"9066a59\" data-element_type=\"widget\" data-widget_type=\"heading.default\">\n\t\t\t\t<div class=\"elementor-widget-container\">\n\t\t\t\t\t<h2 class=\"elementor-heading-title elementor-size-default\">Drive Your Innovation with Our Services<\/h2>\t\t\t\t<\/div>\n\t\t\t\t<\/div>\n\t\t\t\t<div class=\"elementor-element elementor-element-8e86211 elementor-widget__width-initial elementor-widget-tablet__width-inherit elementor-widget elementor-widget-text-editor\" data-id=\"8e86211\" data-element_type=\"widget\" data-widget_type=\"text-editor.default\">\n\t\t\t\t<div class=\"elementor-widget-container\">\n\t\t\t\t\t\t\t\t\t<p class=\"p1\"><span class=\"s1\">At <strong>ebantic<\/strong> we help our customers to take <strong>strategic decisions in real-time. <\/strong><\/span><\/p>\t\t\t\t\t\t\t\t<\/div>\n\t\t\t\t<\/div>\n\t\t\t\t<div class=\"elementor-element elementor-element-0023003 e-transform elementor-mobile-align-justify elementor-widget-mobile__width-inherit elementor-widget elementor-widget-button\" data-id=\"0023003\" data-element_type=\"widget\" data-settings=\"{&quot;_transform_scale_effect_hover&quot;:{&quot;unit&quot;:&quot;px&quot;,&quot;size&quot;:1.100000000000000088817841970012523233890533447265625,&quot;sizes&quot;:[]},&quot;_transform_scale_effect_hover_tablet&quot;:{&quot;unit&quot;:&quot;px&quot;,&quot;size&quot;:&quot;&quot;,&quot;sizes&quot;:[]},&quot;_transform_scale_effect_hover_mobile&quot;:{&quot;unit&quot;:&quot;px&quot;,&quot;size&quot;:&quot;&quot;,&quot;sizes&quot;:[]}}\" data-widget_type=\"button.default\">\n\t\t\t\t<div class=\"elementor-widget-container\">\n\t\t\t\t\t\t\t\t\t<div class=\"elementor-button-wrapper\">\n\t\t\t\t\t<a class=\"elementor-button elementor-button-link elementor-size-sm\" href=\"https:\/\/ebantic.com\/en\/contacto\/\">\n\t\t\t\t\t\t<span class=\"elementor-button-content-wrapper\">\n\t\t\t\t\t\t\t\t\t<span class=\"elementor-button-text\">Contact ebantic<\/span>\n\t\t\t\t\t<\/span>\n\t\t\t\t\t<\/a>\n\t\t\t\t<\/div>\n\t\t\t\t\t\t\t\t<\/div>\n\t\t\t\t<\/div>\n\t\t\t\t<\/div>\n\t\t\t\t<\/div>\n\t\t<div class=\"elementor-element elementor-element-2a690081 e-con-full e-flex e-con e-child\" data-id=\"2a690081\" data-element_type=\"container\" data-settings=\"{&quot;background_background&quot;:&quot;classic&quot;}\">\n\t\t\t\t<div class=\"elementor-element elementor-element-2bac4b elementor-widget elementor-widget-heading\" data-id=\"2bac4b\" data-element_type=\"widget\" data-widget_type=\"heading.default\">\n\t\t\t\t<div class=\"elementor-widget-container\">\n\t\t\t\t\t<h1 class=\"elementor-heading-title elementor-size-default\">Innovation and Technology for the Future<\/h1>\t\t\t\t<\/div>\n\t\t\t\t<\/div>\n\t\t\t\t<div class=\"elementor-element elementor-element-4b770c76 elementor-widget elementor-widget-image\" data-id=\"4b770c76\" data-element_type=\"widget\" data-widget_type=\"image.default\">\n\t\t\t\t<div class=\"elementor-widget-container\">\n\t\t\t\t\t\t\t\t\t\t\t\t\t\t\t<img decoding=\"async\" width=\"1134\" height=\"756\" src=\"https:\/\/ebantic.com\/wp-content\/uploads\/2025\/01\/chica_down.jpg\" class=\"attachment-full size-full wp-image-384\" alt=\"\" srcset=\"https:\/\/ebantic.com\/wp-content\/uploads\/2025\/01\/chica_down.jpg 1134w, https:\/\/ebantic.com\/wp-content\/uploads\/2025\/01\/chica_down-300x200.jpg 300w, https:\/\/ebantic.com\/wp-content\/uploads\/2025\/01\/chica_down-1024x683.jpg 1024w, https:\/\/ebantic.com\/wp-content\/uploads\/2025\/01\/chica_down-768x512.jpg 768w\" sizes=\"(max-width: 1134px) 100vw, 1134px\" \/>\t\t\t\t\t\t\t\t\t\t\t\t\t\t\t<\/div>\n\t\t\t\t<\/div>\n\t\t\t\t<div class=\"elementor-element elementor-element-2b3132f4 elementor-widget elementor-widget-text-editor\" data-id=\"2b3132f4\" data-element_type=\"widget\" data-widget_type=\"text-editor.default\">\n\t\t\t\t<div class=\"elementor-widget-container\">\n\t\t\t\t\t\t\t\t\t<p class=\"p1\"><span class=\"s1\"><b>EBANTIC Lab<\/b> is our <b>research and development unit<\/b>, where we explore the frontiers of technology. <\/span><\/p><p class=\"p1 translation-block\">It is the company's center of innovation so we can anticipate our clients' future needs and strengthen the technological capabilities of our other business units.<\/p><p class=\"p1\"><span class=\"s1\">From <b>artificial intelligence <\/b>until <b>augmented reality<\/b> <b>and virtual<\/b>our team of experts works in the <b>design of innovative tools <\/b>that solve complex problems and open up new possibilities for companies. <\/span><\/p><p class=\"p1\"><span class=\"s1\">At <b>EBANTIC Lab<\/b>we create the future today, so that our clients can lead in their respective sectors.<\/span><\/p>\t\t\t\t\t\t\t\t<\/div>\n\t\t\t\t<\/div>\n\t\t<div class=\"elementor-element elementor-element-5f7642be e-con-full e-flex e-con e-child\" data-id=\"5f7642be\" data-element_type=\"container\" data-settings=\"{&quot;background_background&quot;:&quot;classic&quot;}\">\n\t\t\t\t<div class=\"elementor-element elementor-element-71c27a9 elementor-view-stacked elementor-position-left elementor-widget-mobile__width-inherit elementor-widget__width-initial elementor-shape-circle elementor-mobile-position-top elementor-widget elementor-widget-icon-box\" data-id=\"71c27a9\" data-element_type=\"widget\" data-widget_type=\"icon-box.default\">\n\t\t\t\t<div class=\"elementor-widget-container\">\n\t\t\t\t\t\t\t<div class=\"elementor-icon-box-wrapper\">\n\n\t\t\t\t\t\t<div class=\"elementor-icon-box-icon\">\n\t\t\t\t<span  class=\"elementor-icon\">\n\t\t\t\t<i aria-hidden=\"true\" class=\"rtmicon rtmicon-check\"><\/i>\t\t\t\t<\/span>\n\t\t\t<\/div>\n\t\t\t\n\t\t\t\t\t\t<div class=\"elementor-icon-box-content\">\n\n\t\t\t\t\n\t\t\t\t\t\t\t\t\t<p class=\"elementor-icon-box-description\">\n\t\t\t\t\t\tWe explore new trends\t\t\t\t\t<\/p>\n\t\t\t\t\n\t\t\t<\/div>\n\t\t\t\n\t\t<\/div>\n\t\t\t\t\t\t<\/div>\n\t\t\t\t<\/div>\n\t\t\t\t<div class=\"elementor-element elementor-element-301affba elementor-view-stacked elementor-position-left elementor-widget-mobile__width-inherit elementor-widget__width-initial elementor-shape-circle elementor-mobile-position-top elementor-widget elementor-widget-icon-box\" data-id=\"301affba\" data-element_type=\"widget\" data-widget_type=\"icon-box.default\">\n\t\t\t\t<div class=\"elementor-widget-container\">\n\t\t\t\t\t\t\t<div class=\"elementor-icon-box-wrapper\">\n\n\t\t\t\t\t\t<div class=\"elementor-icon-box-icon\">\n\t\t\t\t<span  class=\"elementor-icon\">\n\t\t\t\t<i aria-hidden=\"true\" class=\"rtmicon rtmicon-check\"><\/i>\t\t\t\t<\/span>\n\t\t\t<\/div>\n\t\t\t\n\t\t\t\t\t\t<div class=\"elementor-icon-box-content\">\n\n\t\t\t\t\n\t\t\t\t\t\t\t\t\t<p class=\"elementor-icon-box-description\">\n\t\t\t\t\t\tDedicated laboratory experiment\t\t\t\t\t<\/p>\n\t\t\t\t\n\t\t\t<\/div>\n\t\t\t\n\t\t<\/div>\n\t\t\t\t\t\t<\/div>\n\t\t\t\t<\/div>\n\t\t\t\t<div class=\"elementor-element elementor-element-773d0824 elementor-view-stacked elementor-position-left elementor-widget-mobile__width-inherit elementor-widget__width-initial elementor-shape-circle elementor-mobile-position-top elementor-widget elementor-widget-icon-box\" data-id=\"773d0824\" data-element_type=\"widget\" data-widget_type=\"icon-box.default\">\n\t\t\t\t<div class=\"elementor-widget-container\">\n\t\t\t\t\t\t\t<div class=\"elementor-icon-box-wrapper\">\n\n\t\t\t\t\t\t<div class=\"elementor-icon-box-icon\">\n\t\t\t\t<span  class=\"elementor-icon\">\n\t\t\t\t<i aria-hidden=\"true\" class=\"rtmicon rtmicon-check\"><\/i>\t\t\t\t<\/span>\n\t\t\t<\/div>\n\t\t\t\n\t\t\t\t\t\t<div class=\"elementor-icon-box-content\">\n\n\t\t\t\t\n\t\t\t\t\t\t\t\t\t<p class=\"elementor-icon-box-description\">\n\t\t\t\t\t\tTool design and refinement\t\t\t\t\t<\/p>\n\t\t\t\t\n\t\t\t<\/div>\n\t\t\t\n\t\t<\/div>\n\t\t\t\t\t\t<\/div>\n\t\t\t\t<\/div>\n\t\t\t\t<div class=\"elementor-element elementor-element-a8448da elementor-view-stacked elementor-position-left elementor-widget-mobile__width-inherit elementor-widget__width-initial elementor-shape-circle elementor-mobile-position-top elementor-widget elementor-widget-icon-box\" data-id=\"a8448da\" data-element_type=\"widget\" data-widget_type=\"icon-box.default\">\n\t\t\t\t<div class=\"elementor-widget-container\">\n\t\t\t\t\t\t\t<div class=\"elementor-icon-box-wrapper\">\n\n\t\t\t\t\t\t<div class=\"elementor-icon-box-icon\">\n\t\t\t\t<span  class=\"elementor-icon\">\n\t\t\t\t<i aria-hidden=\"true\" class=\"rtmicon rtmicon-check\"><\/i>\t\t\t\t<\/span>\n\t\t\t<\/div>\n\t\t\t\n\t\t\t\t\t\t<div class=\"elementor-icon-box-content\">\n\n\t\t\t\t\n\t\t\t\t\t\t\t\t\t<p class=\"elementor-icon-box-description\">\n\t\t\t\t\t\tMeeting our clients' current and future needs\t\t\t\t\t<\/p>\n\t\t\t\t\n\t\t\t<\/div>\n\t\t\t\n\t\t<\/div>\n\t\t\t\t\t\t<\/div>\n\t\t\t\t<\/div>\n\t\t\t\t<\/div>\n\t\t\t\t<\/div>\n\t\t\t\t\t<\/div>\n\t\t\t\t<\/div>\n\t\t\t\t<\/div>","protected":false},"excerpt":{"rendered":"<p>Exploraci\u00f3n Tecnol\u00f3gica Trabajamos en el desarrollo de nuevas tecnolog\u00edas, como inteligencia artificial, realidad aumentada y realidad virtual, que pueden revolucionar los procesos de nuestros clientes y abrir nuevas oportunidades de negocio. Proyectos Piloto y Prototipos EBANTIC LAB lidera la creaci\u00f3n de prototipos y el despliegue de proyectos piloto que nos permiten experimentar y validar tecnolog\u00edas [&hellip;]<\/p>","protected":false},"author":1,"featured_media":59344,"parent":0,"menu_order":0,"comment_status":"closed","ping_status":"closed","template":"elementor_header_footer","meta":{"footnotes":""},"class_list":["post-289","page","type-page","status-publish","has-post-thumbnail","hentry"],"yoast_head":"<!-- This site is optimized with the Yoast SEO plugin v24.3 - https:\/\/yoast.com\/wordpress\/plugins\/seo\/ -->\n<title>ebantic LAB - ebantic<\/title>\n<meta name=\"description\" content=\"Areas emergentes como la inteligencia artificial y el dise\u00f1o de herramientas inclusivas que garanticen accesibilidad y sostenibilidad.\" \/>\n<meta name=\"robots\" content=\"index, follow, max-snippet:-1, max-image-preview:large, max-video-preview:-1\" \/>\n<link rel=\"canonical\" href=\"https:\/\/ebantic.com\/en\/ia-y-diseno-inclusivo-para-accesibilidad-y-sostenibilidad\/\" \/>\n<meta property=\"og:locale\" content=\"en_GB\" \/>\n<meta property=\"og:type\" content=\"article\" \/>\n<meta property=\"og:title\" content=\"ebantic LAB - ebantic\" \/>\n<meta property=\"og:description\" content=\"Areas emergentes como la inteligencia artificial y el dise\u00f1o de herramientas inclusivas que garanticen accesibilidad y sostenibilidad.\" \/>\n<meta property=\"og:url\" content=\"https:\/\/ebantic.com\/en\/ia-y-diseno-inclusivo-para-accesibilidad-y-sostenibilidad\/\" \/>\n<meta property=\"og:site_name\" content=\"ebantic\" \/>\n<meta property=\"article:modified_time\" content=\"2025-01-24T16:39:19+00:00\" \/>\n<meta property=\"og:image\" content=\"https:\/\/ebantic.com\/wp-content\/uploads\/2025\/01\/LOGO-Ebantic-lab_72dpi_positiu.png\" \/>\n\t<meta property=\"og:image:width\" content=\"1000\" \/>\n\t<meta property=\"og:image:height\" content=\"1000\" \/>\n\t<meta property=\"og:image:type\" content=\"image\/png\" \/>\n<meta name=\"twitter:card\" content=\"summary_large_image\" \/>\n<meta name=\"twitter:label1\" content=\"Estimated reading time\" \/>\n\t<meta name=\"twitter:data1\" content=\"2 minutes\" \/>\n<script type=\"application\/ld+json\" class=\"yoast-schema-graph\">{\"@context\":\"https:\/\/schema.org\",\"@graph\":[{\"@type\":\"WebPage\",\"@id\":\"https:\/\/ebantic.com\/ia-y-diseno-inclusivo-para-accesibilidad-y-sostenibilidad\/\",\"url\":\"https:\/\/ebantic.com\/ia-y-diseno-inclusivo-para-accesibilidad-y-sostenibilidad\/\",\"name\":\"ebantic LAB - ebantic\",\"isPartOf\":{\"@id\":\"https:\/\/ebantic.com\/#website\"},\"primaryImageOfPage\":{\"@id\":\"https:\/\/ebantic.com\/ia-y-diseno-inclusivo-para-accesibilidad-y-sostenibilidad\/#primaryimage\"},\"image\":{\"@id\":\"https:\/\/ebantic.com\/ia-y-diseno-inclusivo-para-accesibilidad-y-sostenibilidad\/#primaryimage\"},\"thumbnailUrl\":\"https:\/\/ebantic.com\/wp-content\/uploads\/2025\/01\/LOGO-Ebantic-lab_72dpi_positiu.png\",\"datePublished\":\"2025-01-12T12:20:14+00:00\",\"dateModified\":\"2025-01-24T16:39:19+00:00\",\"description\":\"Areas emergentes como la inteligencia artificial y el dise\u00f1o de herramientas inclusivas que garanticen accesibilidad y sostenibilidad.\",\"breadcrumb\":{\"@id\":\"https:\/\/ebantic.com\/ia-y-diseno-inclusivo-para-accesibilidad-y-sostenibilidad\/#breadcrumb\"},\"inLanguage\":\"en-GB\",\"potentialAction\":[{\"@type\":\"ReadAction\",\"target\":[\"https:\/\/ebantic.com\/ia-y-diseno-inclusivo-para-accesibilidad-y-sostenibilidad\/\"]}]},{\"@type\":\"ImageObject\",\"inLanguage\":\"en-GB\",\"@id\":\"https:\/\/ebantic.com\/ia-y-diseno-inclusivo-para-accesibilidad-y-sostenibilidad\/#primaryimage\",\"url\":\"https:\/\/ebantic.com\/wp-content\/uploads\/2025\/01\/LOGO-Ebantic-lab_72dpi_positiu.png\",\"contentUrl\":\"https:\/\/ebantic.com\/wp-content\/uploads\/2025\/01\/LOGO-Ebantic-lab_72dpi_positiu.png\",\"width\":1000,\"height\":1000},{\"@type\":\"BreadcrumbList\",\"@id\":\"https:\/\/ebantic.com\/ia-y-diseno-inclusivo-para-accesibilidad-y-sostenibilidad\/#breadcrumb\",\"itemListElement\":[{\"@type\":\"ListItem\",\"position\":1,\"name\":\"Portada\",\"item\":\"https:\/\/ebantic.com\/\"},{\"@type\":\"ListItem\",\"position\":2,\"name\":\"ebantic LAB\"}]},{\"@type\":\"WebSite\",\"@id\":\"https:\/\/ebantic.com\/#website\",\"url\":\"https:\/\/ebantic.com\/\",\"name\":\"ebantic\",\"description\":\"Soluciones IT para la gesti\u00f3n eficiente de contenidos audiovisuales\",\"publisher\":{\"@id\":\"https:\/\/ebantic.com\/#organization\"},\"alternateName\":\"ebantic.com\",\"potentialAction\":[{\"@type\":\"SearchAction\",\"target\":{\"@type\":\"EntryPoint\",\"urlTemplate\":\"https:\/\/ebantic.com\/?s={search_term_string}\"},\"query-input\":{\"@type\":\"PropertyValueSpecification\",\"valueRequired\":true,\"valueName\":\"search_term_string\"}}],\"inLanguage\":\"en-GB\"},{\"@type\":\"Organization\",\"@id\":\"https:\/\/ebantic.com\/#organization\",\"name\":\"ebantic\",\"alternateName\":\"ebantic.com\",\"url\":\"https:\/\/ebantic.com\/\",\"logo\":{\"@type\":\"ImageObject\",\"inLanguage\":\"en-GB\",\"@id\":\"https:\/\/ebantic.com\/#\/schema\/logo\/image\/\",\"url\":\"https:\/\/ebantic.com\/wp-content\/uploads\/2025\/01\/LOGO-Ebantic-4BU_72dpi_positiu.png\",\"contentUrl\":\"https:\/\/ebantic.com\/wp-content\/uploads\/2025\/01\/LOGO-Ebantic-4BU_72dpi_positiu.png\",\"width\":1000,\"height\":1000,\"caption\":\"ebantic\"},\"image\":{\"@id\":\"https:\/\/ebantic.com\/#\/schema\/logo\/image\/\"},\"sameAs\":[\"https:\/\/www.linkedin.com\/company\/ebantic\/\"]}]}<\/script>\n<!-- \/ Yoast SEO plugin. -->","yoast_head_json":{"title":"ebantic LAB - ebantic","description":"Areas emergentes como la inteligencia artificial y el dise\u00f1o de herramientas inclusivas que garanticen accesibilidad y sostenibilidad.","robots":{"index":"index","follow":"follow","max-snippet":"max-snippet:-1","max-image-preview":"max-image-preview:large","max-video-preview":"max-video-preview:-1"},"canonical":"https:\/\/ebantic.com\/en\/ia-y-diseno-inclusivo-para-accesibilidad-y-sostenibilidad\/","og_locale":"en_GB","og_type":"article","og_title":"ebantic LAB - ebantic","og_description":"Areas emergentes como la inteligencia artificial y el dise\u00f1o de herramientas inclusivas que garanticen accesibilidad y sostenibilidad.","og_url":"https:\/\/ebantic.com\/en\/ia-y-diseno-inclusivo-para-accesibilidad-y-sostenibilidad\/","og_site_name":"ebantic","article_modified_time":"2025-01-24T16:39:19+00:00","og_image":[{"width":1000,"height":1000,"url":"https:\/\/ebantic.com\/wp-content\/uploads\/2025\/01\/LOGO-Ebantic-lab_72dpi_positiu.png","type":"image\/png"}],"twitter_card":"summary_large_image","twitter_misc":{"Estimated reading time":"2 minutes"},"schema":{"@context":"https:\/\/schema.org","@graph":[{"@type":"WebPage","@id":"https:\/\/ebantic.com\/ia-y-diseno-inclusivo-para-accesibilidad-y-sostenibilidad\/","url":"https:\/\/ebantic.com\/ia-y-diseno-inclusivo-para-accesibilidad-y-sostenibilidad\/","name":"ebantic LAB - ebantic","isPartOf":{"@id":"https:\/\/ebantic.com\/#website"},"primaryImageOfPage":{"@id":"https:\/\/ebantic.com\/ia-y-diseno-inclusivo-para-accesibilidad-y-sostenibilidad\/#primaryimage"},"image":{"@id":"https:\/\/ebantic.com\/ia-y-diseno-inclusivo-para-accesibilidad-y-sostenibilidad\/#primaryimage"},"thumbnailUrl":"https:\/\/ebantic.com\/wp-content\/uploads\/2025\/01\/LOGO-Ebantic-lab_72dpi_positiu.png","datePublished":"2025-01-12T12:20:14+00:00","dateModified":"2025-01-24T16:39:19+00:00","description":"Areas emergentes como la inteligencia artificial y el dise\u00f1o de herramientas inclusivas que garanticen accesibilidad y sostenibilidad.","breadcrumb":{"@id":"https:\/\/ebantic.com\/ia-y-diseno-inclusivo-para-accesibilidad-y-sostenibilidad\/#breadcrumb"},"inLanguage":"en-GB","potentialAction":[{"@type":"ReadAction","target":["https:\/\/ebantic.com\/ia-y-diseno-inclusivo-para-accesibilidad-y-sostenibilidad\/"]}]},{"@type":"ImageObject","inLanguage":"en-GB","@id":"https:\/\/ebantic.com\/ia-y-diseno-inclusivo-para-accesibilidad-y-sostenibilidad\/#primaryimage","url":"https:\/\/ebantic.com\/wp-content\/uploads\/2025\/01\/LOGO-Ebantic-lab_72dpi_positiu.png","contentUrl":"https:\/\/ebantic.com\/wp-content\/uploads\/2025\/01\/LOGO-Ebantic-lab_72dpi_positiu.png","width":1000,"height":1000},{"@type":"BreadcrumbList","@id":"https:\/\/ebantic.com\/ia-y-diseno-inclusivo-para-accesibilidad-y-sostenibilidad\/#breadcrumb","itemListElement":[{"@type":"ListItem","position":1,"name":"Portada","item":"https:\/\/ebantic.com\/"},{"@type":"ListItem","position":2,"name":"ebantic LAB"}]},{"@type":"WebSite","@id":"https:\/\/ebantic.com\/#website","url":"https:\/\/ebantic.com\/","name":"ebantic","description":"Soluciones IT para la gesti\u00f3n eficiente de contenidos audiovisuales","publisher":{"@id":"https:\/\/ebantic.com\/#organization"},"alternateName":"ebantic.com","potentialAction":[{"@type":"SearchAction","target":{"@type":"EntryPoint","urlTemplate":"https:\/\/ebantic.com\/?s={search_term_string}"},"query-input":{"@type":"PropertyValueSpecification","valueRequired":true,"valueName":"search_term_string"}}],"inLanguage":"en-GB"},{"@type":"Organization","@id":"https:\/\/ebantic.com\/#organization","name":"ebantic","alternateName":"ebantic.com","url":"https:\/\/ebantic.com\/","logo":{"@type":"ImageObject","inLanguage":"en-GB","@id":"https:\/\/ebantic.com\/#\/schema\/logo\/image\/","url":"https:\/\/ebantic.com\/wp-content\/uploads\/2025\/01\/LOGO-Ebantic-4BU_72dpi_positiu.png","contentUrl":"https:\/\/ebantic.com\/wp-content\/uploads\/2025\/01\/LOGO-Ebantic-4BU_72dpi_positiu.png","width":1000,"height":1000,"caption":"ebantic"},"image":{"@id":"https:\/\/ebantic.com\/#\/schema\/logo\/image\/"},"sameAs":["https:\/\/www.linkedin.com\/company\/ebantic\/"]}]}},"_links":{"self":[{"href":"https:\/\/ebantic.com\/en\/wp-json\/wp\/v2\/pages\/289","targetHints":{"allow":["GET"]}}],"collection":[{"href":"https:\/\/ebantic.com\/en\/wp-json\/wp\/v2\/pages"}],"about":[{"href":"https:\/\/ebantic.com\/en\/wp-json\/wp\/v2\/types\/page"}],"author":[{"embeddable":true,"href":"https:\/\/ebantic.com\/en\/wp-json\/wp\/v2\/users\/1"}],"replies":[{"embeddable":true,"href":"https:\/\/ebantic.com\/en\/wp-json\/wp\/v2\/comments?post=289"}],"version-history":[{"count":49,"href":"https:\/\/ebantic.com\/en\/wp-json\/wp\/v2\/pages\/289\/revisions"}],"predecessor-version":[{"id":59370,"href":"https:\/\/ebantic.com\/en\/wp-json\/wp\/v2\/pages\/289\/revisions\/59370"}],"wp:featuredmedia":[{"embeddable":true,"href":"https:\/\/ebantic.com\/en\/wp-json\/wp\/v2\/media\/59344"}],"wp:attachment":[{"href":"https:\/\/ebantic.com\/en\/wp-json\/wp\/v2\/media?parent=289"}],"curies":[{"name":"wp","href":"https:\/\/api.w.org\/{rel}","templated":true}]}}